{"id":1240,"date":"2025-09-16T11:26:00","date_gmt":"2025-09-16T11:26:00","guid":{"rendered":"https:\/\/apexentrena.com\/galetes\/"},"modified":"2025-12-30T11:15:51","modified_gmt":"2025-12-30T11:15:51","slug":"galetes","status":"publish","type":"page","link":"https:\/\/apexentrena.com\/ca\/galetes\/","title":{"rendered":"Galetes"},"content":{"rendered":"<h3 style=\"text-align: center;\">\u00a0 <span data-text-color=\"primary\"><strong>Pol\u00edtica de galetes<\/strong><\/span><\/h3>\n<p>Aquesta Pol\u00edtica de galetes explica qu\u00e8 s\u00f3n les galetes i com s\u2019utilitzen al lloc web<br \/>\n<a href=\"https:\/\/apexentrena.com\/ca\/\" target=\"_blank\" rel=\"noopener\">apexentrena.com<\/a> (en avant, \u201cla Web\u201d). En accedir o continuar navegant, podr\u00e0s acceptar o configurar l\u2019\u00fas de galetes no t\u00e8cniques segons les teues prefer\u00e8ncies.<\/p>\n<h3><strong>1) Qu\u00e8 s\u00f3n les galetes?<\/strong><\/h3>\n<p>Les <em>galetes<\/em> s\u00f3n fitxers que es descarreguen al dispositiu de l\u2019usuari per a emmagatzemar i recuperar informaci\u00f3 de navegaci\u00f3. Tamb\u00e9 utilitzem tecnologies similars (p. ex., <em>p\u00edxels<\/em> o <em>local storage<\/em>), que per simplicitat anomenem \u201cgaletes\u201d.<\/p>\n<h3><strong>2) Tipus de galetes que podem utilitzar<\/strong><\/h3>\n<ul>\n<li><strong>T\u00e8cniques o necess\u00e0ries<\/strong>: imprescindibles per al funcionament b\u00e0sic de la Web (seguretat, c\u00e0rrega, prefer\u00e8ncies essencials). No requereixen consentiment.<\/li>\n<li><strong>De prefer\u00e8ncies<\/strong>: recorden opcions de l\u2019usuari.<\/li>\n<li><strong>D\u2019anal\u00edtica o mesura<\/strong>: permeten mesurar l\u2019\u00fas de la Web (p. ex., p\u00e0gines visitades). Requereixen consentiment, excepte quan estiguen <em>degudament anonimitzades<\/em> segons la normativa aplicable.<\/li>\n<li><strong>De publicitat\/comportamentals<\/strong>: no s\u2019utilitzen en aquesta Web.<\/li>\n<\/ul>\n<h3><strong>3) Galetes pr\u00f2pies i de tercers<\/strong><\/h3>\n<p>Les galetes poden ser <strong>pr\u00f2pies<\/strong> (emeses pel nostre domini) o de <strong>tercers&lt;<\/strong><\/p>\n","protected":false},"excerpt":{"rendered":"<p>\u00a0 Pol\u00edtica de galetes Aquesta Pol\u00edtica de galetes explica qu\u00e8 s\u00f3n les galetes i com s\u2019utilitzen al lloc web apexentrena.com (en avant, \u201cla Web\u201d). En accedir o continuar navegant, podr\u00e0s acceptar o configurar l\u2019\u00fas de galetes no t\u00e8cniques segons les teues prefer\u00e8ncies. 1) Qu\u00e8 s\u00f3n les galetes? Les galetes s\u00f3n fitxers que es descarreguen al [&#8230;]\n","protected":false},"author":1,"featured_media":0,"parent":0,"menu_order":0,"comment_status":"closed","ping_status":"closed","template":"","meta":{"footnotes":""},"class_list":["post-1240","page","type-page","status-publish","hentry"],"yoast_head":"<!-- This site is optimized with the Yoast SEO plugin v25.9 - https:\/\/yoast.com\/wordpress\/plugins\/seo\/ -->\n<title>Galetes | apexentrena.com<\/title>\n<meta name=\"robots\" content=\"noindex, nofollow\" \/>\n<meta property=\"og:locale\" content=\"en_US\" \/>\n<meta property=\"og:type\" content=\"article\" \/>\n<meta property=\"og:title\" content=\"Galetes | apexentrena.com\" \/>\n<meta property=\"og:description\" content=\"\u00a0 Pol\u00edtica de galetes Aquesta Pol\u00edtica de galetes explica qu\u00e8 s\u00f3n les galetes i com s\u2019utilitzen al lloc web apexentrena.com (en avant, \u201cla Web\u201d). En accedir o continuar navegant, podr\u00e0s acceptar o configurar l\u2019\u00fas de galetes no t\u00e8cniques segons les teues prefer\u00e8ncies. 1) Qu\u00e8 s\u00f3n les galetes? Les galetes s\u00f3n fitxers que es descarreguen al [...]\" \/>\n<meta property=\"og:url\" content=\"https:\/\/apexentrena.com\/ca\/galetes\/\" \/>\n<meta property=\"og:site_name\" content=\"apexentrena.com\" \/>\n<meta property=\"article:modified_time\" content=\"2025-12-30T11:15:51+00:00\" \/>\n<meta property=\"og:image\" content=\"https:\/\/apexentrena.com\/wp-content\/uploads\/2025\/12\/entrenamiento-patologias.jpg\" \/>\n\t<meta property=\"og:image:width\" content=\"1000\" \/>\n\t<meta property=\"og:image:height\" content=\"947\" \/>\n\t<meta property=\"og:image:type\" content=\"image\/jpeg\" \/>\n<meta name=\"twitter:card\" content=\"summary_large_image\" \/>\n<meta name=\"twitter:label1\" content=\"Est. reading time\" \/>\n\t<meta name=\"twitter:data1\" content=\"1 minute\" \/>\n<script type=\"application\/ld+json\" class=\"yoast-schema-graph\">{\"@context\":\"https:\/\/schema.org\",\"@graph\":[{\"@type\":\"WebPage\",\"@id\":\"https:\/\/apexentrena.com\/ca\/galetes\/\",\"url\":\"https:\/\/apexentrena.com\/ca\/galetes\/\",\"name\":\"Galetes | apexentrena.com\",\"isPartOf\":{\"@id\":\"https:\/\/darkorange-newt-127745.hostingersite.com\/#website\"},\"datePublished\":\"2025-09-16T11:26:00+00:00\",\"dateModified\":\"2025-12-30T11:15:51+00:00\",\"breadcrumb\":{\"@id\":\"https:\/\/apexentrena.com\/ca\/galetes\/#breadcrumb\"},\"inLanguage\":\"val\",\"potentialAction\":[{\"@type\":\"ReadAction\",\"target\":[\"https:\/\/apexentrena.com\/ca\/galetes\/\"]}]},{\"@type\":\"BreadcrumbList\",\"@id\":\"https:\/\/apexentrena.com\/ca\/galetes\/#breadcrumb\",\"itemListElement\":[{\"@type\":\"ListItem\",\"position\":1,\"name\":\"Portada\",\"item\":\"https:\/\/apexentrena.com\/ca\/\"},{\"@type\":\"ListItem\",\"position\":2,\"name\":\"Galetes\"}]},{\"@type\":\"WebSite\",\"@id\":\"https:\/\/darkorange-newt-127745.hostingersite.com\/#website\",\"url\":\"https:\/\/darkorange-newt-127745.hostingersite.com\/\",\"name\":\"Apex Entrena\",\"description\":\"\",\"publisher\":{\"@id\":\"https:\/\/darkorange-newt-127745.hostingersite.com\/#organization\"},\"alternateName\":\"Gimnasio Benifaio Entrenamiento personalizado\",\"potentialAction\":[{\"@type\":\"SearchAction\",\"target\":{\"@type\":\"EntryPoint\",\"urlTemplate\":\"https:\/\/darkorange-newt-127745.hostingersite.com\/?s={search_term_string}\"},\"query-input\":{\"@type\":\"PropertyValueSpecification\",\"valueRequired\":true,\"valueName\":\"search_term_string\"}}],\"inLanguage\":\"val\"},{\"@type\":\"Organization\",\"@id\":\"https:\/\/darkorange-newt-127745.hostingersite.com\/#organization\",\"name\":\"Apex Entrena\",\"url\":\"https:\/\/darkorange-newt-127745.hostingersite.com\/\",\"logo\":{\"@type\":\"ImageObject\",\"inLanguage\":\"val\",\"@id\":\"https:\/\/darkorange-newt-127745.hostingersite.com\/#\/schema\/logo\/image\/\",\"url\":\"https:\/\/apexentrena.com\/wp-content\/uploads\/2025\/12\/Reduccion-scaled.png\",\"contentUrl\":\"https:\/\/apexentrena.com\/wp-content\/uploads\/2025\/12\/Reduccion-scaled.png\",\"width\":2560,\"height\":1739,\"caption\":\"Apex Entrena\"},\"image\":{\"@id\":\"https:\/\/darkorange-newt-127745.hostingersite.com\/#\/schema\/logo\/image\/\"}}]}<\/script>\n<!-- \/ Yoast SEO plugin. -->","yoast_head_json":{"title":"Galetes | apexentrena.com","robots":{"index":"noindex","follow":"nofollow"},"og_locale":"en_US","og_type":"article","og_title":"Galetes | apexentrena.com","og_description":"\u00a0 Pol\u00edtica de galetes Aquesta Pol\u00edtica de galetes explica qu\u00e8 s\u00f3n les galetes i com s\u2019utilitzen al lloc web apexentrena.com (en avant, \u201cla Web\u201d). En accedir o continuar navegant, podr\u00e0s acceptar o configurar l\u2019\u00fas de galetes no t\u00e8cniques segons les teues prefer\u00e8ncies. 1) Qu\u00e8 s\u00f3n les galetes? Les galetes s\u00f3n fitxers que es descarreguen al [...]","og_url":"https:\/\/apexentrena.com\/ca\/galetes\/","og_site_name":"apexentrena.com","article_modified_time":"2025-12-30T11:15:51+00:00","og_image":[{"width":1000,"height":947,"url":"https:\/\/apexentrena.com\/wp-content\/uploads\/2025\/12\/entrenamiento-patologias.jpg","type":"image\/jpeg"}],"twitter_card":"summary_large_image","twitter_misc":{"Est. reading time":"1 minute"},"schema":{"@context":"https:\/\/schema.org","@graph":[{"@type":"WebPage","@id":"https:\/\/apexentrena.com\/ca\/galetes\/","url":"https:\/\/apexentrena.com\/ca\/galetes\/","name":"Galetes | apexentrena.com","isPartOf":{"@id":"https:\/\/darkorange-newt-127745.hostingersite.com\/#website"},"datePublished":"2025-09-16T11:26:00+00:00","dateModified":"2025-12-30T11:15:51+00:00","breadcrumb":{"@id":"https:\/\/apexentrena.com\/ca\/galetes\/#breadcrumb"},"inLanguage":"val","potentialAction":[{"@type":"ReadAction","target":["https:\/\/apexentrena.com\/ca\/galetes\/"]}]},{"@type":"BreadcrumbList","@id":"https:\/\/apexentrena.com\/ca\/galetes\/#breadcrumb","itemListElement":[{"@type":"ListItem","position":1,"name":"Portada","item":"https:\/\/apexentrena.com\/ca\/"},{"@type":"ListItem","position":2,"name":"Galetes"}]},{"@type":"WebSite","@id":"https:\/\/darkorange-newt-127745.hostingersite.com\/#website","url":"https:\/\/darkorange-newt-127745.hostingersite.com\/","name":"Apex Entrena","description":"","publisher":{"@id":"https:\/\/darkorange-newt-127745.hostingersite.com\/#organization"},"alternateName":"Gimnasio Benifaio Entrenamiento personalizado","potentialAction":[{"@type":"SearchAction","target":{"@type":"EntryPoint","urlTemplate":"https:\/\/darkorange-newt-127745.hostingersite.com\/?s={search_term_string}"},"query-input":{"@type":"PropertyValueSpecification","valueRequired":true,"valueName":"search_term_string"}}],"inLanguage":"val"},{"@type":"Organization","@id":"https:\/\/darkorange-newt-127745.hostingersite.com\/#organization","name":"Apex Entrena","url":"https:\/\/darkorange-newt-127745.hostingersite.com\/","logo":{"@type":"ImageObject","inLanguage":"val","@id":"https:\/\/darkorange-newt-127745.hostingersite.com\/#\/schema\/logo\/image\/","url":"https:\/\/apexentrena.com\/wp-content\/uploads\/2025\/12\/Reduccion-scaled.png","contentUrl":"https:\/\/apexentrena.com\/wp-content\/uploads\/2025\/12\/Reduccion-scaled.png","width":2560,"height":1739,"caption":"Apex Entrena"},"image":{"@id":"https:\/\/darkorange-newt-127745.hostingersite.com\/#\/schema\/logo\/image\/"}}]}},"_links":{"self":[{"href":"https:\/\/apexentrena.com\/ca\/wp-json\/wp\/v2\/pages\/1240","targetHints":{"allow":["GET"]}}],"collection":[{"href":"https:\/\/apexentrena.com\/ca\/wp-json\/wp\/v2\/pages"}],"about":[{"href":"https:\/\/apexentrena.com\/ca\/wp-json\/wp\/v2\/types\/page"}],"author":[{"embeddable":true,"href":"https:\/\/apexentrena.com\/ca\/wp-json\/wp\/v2\/users\/1"}],"replies":[{"embeddable":true,"href":"https:\/\/apexentrena.com\/ca\/wp-json\/wp\/v2\/comments?post=1240"}],"version-history":[{"count":5,"href":"https:\/\/apexentrena.com\/ca\/wp-json\/wp\/v2\/pages\/1240\/revisions"}],"predecessor-version":[{"id":1783,"href":"https:\/\/apexentrena.com\/ca\/wp-json\/wp\/v2\/pages\/1240\/revisions\/1783"}],"wp:attachment":[{"href":"https:\/\/apexentrena.com\/ca\/wp-json\/wp\/v2\/media?parent=1240"}],"curies":[{"name":"wp","href":"https:\/\/api.w.org\/{rel}","templated":true}]}}